{"id":53,"date":"2020-02-17T22:49:46","date_gmt":"2020-02-17T22:49:46","guid":{"rendered":"http:\/\/qjarana.es\/?page_id=53"},"modified":"2025-05-19T19:32:43","modified_gmt":"2025-05-19T19:32:43","slug":"servicios","status":"publish","type":"page","link":"https:\/\/qjarana.es\/index.php\/servicios\/","title":{"rendered":""},"content":{"rendered":"\n\n\t<h3><strong>\u00bfQue te ofrecemos?<\/strong><\/h3>\n<p>Un amplio espacio de <strong>200 m2<\/strong> ubicado en el Barrio de la Luna de Rivas-Vaciamadrid, en una zona de <strong>f\u00e1cil aparcamiento<\/strong>. La sala cuenta con un <strong>aforo m\u00e1ximo de hasta 49 personas<\/strong>, dividida en varias zonas:<\/p>\n<p><strong>Zona de entretenimiento<\/strong><\/p>\n<ul>\n<li>Una zona de juego infantil la cual cuenta con un parque con piscina de bolas y varios juegos.<\/li>\n<li>Una zona para los m\u00e1s peque\u00f1os donde contar\u00e1n con todo tipo de juegos y juguetes adaptados para ellos: casa de juegos, cocinita, etc.<\/li>\n<li>Una zona de juego interactivo con una Wii con todos sus accesorios y diferentes juegos, incluido karaoke.<\/li>\n<li>Mini futbol\u00edn.<\/li>\n<li>Una diana electr\u00f3nica.<\/li>\n<li>M\u00e1quina Arcade con m\u00e1s de 2000 juegos.<\/li>\n<li>Futbol\u00edn, modelo Madrid.<\/li>\n<li>Zona WIFI.<\/li>\n<li>Dos Smart TV de 50&#8243; con conexi\u00f3n a internet.<\/li>\n<li>Bola de luces giratoria para fiestas con control remoto.<\/li>\n<li>Un altavoz bluetooth con dos micr\u00f3fonos para karaoke.<\/li>\n<\/ul>\n<p><strong>Zona de decoraci\u00f3n<\/strong><\/p>\n<p>En la que podr\u00e1s personalizar a tu gusto el tipo de evento a celebrar. SOLO SE PUEDE DECORAR EN LA ZONA HABILITADA PARA ELLO, <strong>estando prohibido<\/strong> fijar por cualquier medio ning\u00fan tipo de decoraci\u00f3n <strong>FUERA DE ESTA ZONA<\/strong>, como EN LAS PAREDES, COLUMNAS, PUERTAS, VENTANAS, ETC. Puedes ver ejemplos de decoraci\u00f3n en nuestras fotos.<\/p>\n<p>Se podr\u00e1 acceder a la sala en los 15 minutos previos al horario contratado. En caso de querer acceder antes de ese tiempo para la decoraci\u00f3n o preparaci\u00f3n del evento, habr\u00e1 de comunicarse con suficiente antelaci\u00f3n y, <strong>SIEMPRE QUE HAYA DISPONIBILIDAD EN FUNCI\u00d3N DEL TURNO ANTERIOR (consultar siempre para aclaraci\u00f3n)<\/strong>, se podr\u00e1 optar por estas dos opciones:<\/p>\n<ol>\n<li>Acceder hasta un M\u00c1XIMO DE 30 MINUTOS ANTES, <strong>previo abono de 30 EUROS\u00a0<\/strong>en el mismo momento en que se acuerde el acceso anticipado.<\/li>\n<li>Contratar hora\/s extra\/s (consultar precio y condiciones).<\/li>\n<\/ol>\n<p><strong>Comedor infantil<\/strong><\/p>\n<p>En el que cuentan con mesas y bancos de material seguro, as\u00ed como un trono infantil para el protagonista del evento.<\/p>\n<p><strong>Zona de relax<\/strong><\/p>\n<p>La cual cuenta con varios sof\u00e1s muy c\u00f3modos en los que sentarse a charlar mientras pueden disfrutar de una bebida, todo ello en un ambiente acogedor gracias a la decoraci\u00f3n.<\/p>\n<p><strong>Comedor de adultos<\/strong><\/p>\n<p>Con varias mesas y sillas y una cocina equipada con una nevera, un arc\u00f3n congelador, un microondas, un horno, una sandwichera, un hervidor de agua, una cafetera de c\u00e1psulas Dolce Gusto y una m\u00e1quina de hacer perritos.<\/p>\n<p><strong>Zona de aseos<\/strong><\/p>\n<p>Contando con tres ba\u00f1os, uno de ellos exclusivo para ni\u00f1os, donde todo est\u00e1 adaptado a su altura, y otro de ellos adaptado para personas con movilidad reducida y un cambiador para beb\u00e9s.<\/p>\n<p><strong>Medidas anti COVID<\/strong><\/p>\n<p>Aunque actualmente no existen restricciones en el local en torno al COVID, seguimos contando con las medidas de protecci\u00f3n adecuadas, con una desinfecci\u00f3n de toda la sala, gel hidroalcoh\u00f3lico, un sistema de renovaci\u00f3n de aire de forma autom\u00e1tica e incluso un ozonizador para una desinfecci\u00f3n m\u00e1s exhaustiva entre cada turno.<\/p>\n<p><strong>Limpieza del local<\/strong><\/p>\n<p>La limpieza integral y desinfecci\u00f3n de la sala corre a cargo nuestro y est\u00e1 incluida en el precio. Solo te pedimos que quede aceptablemente limpia y recogida tal como estaba al inicio del alquiler.<\/p>\n<p>Est\u00e1 terminantemente prohibido tirar confeti en la sala, o similar, incluido el que viene dentro de los globos. En caso de tener que limpiarlo se cobrar\u00e1 la cantidad establecida en el contrato como extra por una limpieza a fondo.<\/p>\n<p><strong>Estado de la sala al finalizar el turno<\/strong><\/p>\n<p>La sala debe quedar, <strong>tal cual la encontraste<\/strong>, como M\u00cdNIMO 5 MINUTOS antes de la hora exacta de la finalizaci\u00f3n del turno (u hora pactada entre arrendador y arrendatario), NO despu\u00e9s de finalizar el turno:<\/p>\n<ul>\n<li>Bolas todas dentro del parque.<\/li>\n<li>Los juguetes de los ni\u00f1os dentro del ba\u00fal.<\/li>\n<li>Chiquipark vac\u00edo y casa de juegos recogida.<\/li>\n<li>Mandos y juegos de la Wii recogidos.<\/li>\n<li>Sillas y mesas en la ubicaci\u00f3n inicial.<\/li>\n<li>Quitar decoraci\u00f3n.<\/li>\n<li>Vaciar nevera y congelador.<\/li>\n<li>Sacar toda la basura.<\/li>\n<li>Electrodom\u00e9sticos limpios.<\/li>\n<li>Vajilla y cuberter\u00eda fregada.<\/li>\n<\/ul>\n<p><strong>Normas de la sala<\/strong><\/p>\n<ul>\n<li>No est\u00e1 permitido dejar la sala sola en ning\u00fan momento una vez personado el cliente (<strong>NO se entregan llaves del local<\/strong>).<\/li>\n<li>Est\u00e1 prohibido superar el aforo permitido.<\/li>\n<li dir=\"auto\">Est\u00e1 prohibido traer aparatos de m\u00fasica o altavoces ajenos a la sala.<\/li>\n<li dir=\"auto\">Est\u00e1 prohibido colocar decoraci\u00f3n fuera de las zonas habilitadas para ello.<\/li>\n<li dir=\"auto\">Est\u00e1 prohibido poner adhesivos, chinchetas, etc., en las paredes, columnas y puertas.<\/li>\n<li dir=\"auto\">Est\u00e1 prohibido fumar en el interior de la sala.<\/li>\n<li dir=\"auto\">Est\u00e1 prohibido el consumo de sustancias ilegales en la sala.<\/li>\n<li dir=\"auto\">Est\u00e1 prohibido suministrar bebidas alcoh\u00f3licas a los menores.<\/li>\n<li dir=\"auto\">Est\u00e1 prohibida la entrada de animales en la sala.<\/li>\n<li dir=\"auto\">Est\u00e1 prohibido en el interior de la sala: bicicletas, patines, o similares; castillos hinchables, colchonetas o similares; lanzar confeti, serpentinas o similares; balones que no se encuentren en la misma; el uso de bengalas, petardos o similares.<\/li>\n<li dir=\"auto\">Est\u00e1 prohibido hacer un uso inadecuado de la sala o de sus elementos.<\/li>\n<\/ul>\n<p>Asimismo se ruega que se respete el descanso de los vecinos a hora de entrar y salir del local.<\/p>\n<p>El incumplimiento de estas normas ser\u00e1 bajo responsabilidad del arrendatario.<\/p>\nA la contrataci\u00f3n de la sala se har\u00e1 una visita explicando el funcionamiento de la misma con todas las normas.\nConsulta las condiciones generales por whatsapp.\n\n","protected":false},"excerpt":{"rendered":"<div class=\"entry-summary\">\n<div class=\"entry-summary\">\n\u00bfQue te ofrecemos? Un amplio espacio de 200 m2 ubicado en el&hellip;\n<\/div>\n<div class=\"link-more\"><a href=\"https:\/\/qjarana.es\/index.php\/servicios\/\" class=\"more-link\">Seguir leyendo&hellip;<\/a><\/div>\n<\/div>\n<div class=\"link-more\"><a href=\"https:\/\/qjarana.es\/index.php\/servicios\/\" class=\"more-link\">Seguir leyendo&hellip;<\/a><\/div>\n","protected":false},"author":1,"featured_media":0,"parent":0,"menu_order":0,"comment_status":"closed","ping_status":"closed","template":"page-template\/_fullwidth.php","meta":{"_uag_custom_page_level_css":"","jetpack_post_was_ever_published":false},"acf":[],"uagb_featured_image_src":{"full":false,"thumbnail":false,"medium":false,"medium_large":false,"large":false,"1536x1536":false,"2048x2048":false,"auberge_banner":false,"auberge_banner_small":false},"uagb_author_info":{"display_name":"admin","author_link":"https:\/\/qjarana.es\/index.php\/author\/admin\/"},"uagb_comment_info":0,"uagb_excerpt":"\u00bfQue te ofrecemos? Un amplio espacio de 200 m2 ubicado en el&hellip; Seguir leyendo&hellip;","jetpack_likes_enabled":false,"amp_enabled":false,"_links":{"self":[{"href":"https:\/\/qjarana.es\/index.php\/wp-json\/wp\/v2\/pages\/53"}],"collection":[{"href":"https:\/\/qjarana.es\/index.php\/wp-json\/wp\/v2\/pages"}],"about":[{"href":"https:\/\/qjarana.es\/index.php\/wp-json\/wp\/v2\/types\/page"}],"author":[{"embeddable":true,"href":"https:\/\/qjarana.es\/index.php\/wp-json\/wp\/v2\/users\/1"}],"replies":[{"embeddable":true,"href":"https:\/\/qjarana.es\/index.php\/wp-json\/wp\/v2\/comments?post=53"}],"version-history":[{"count":69,"href":"https:\/\/qjarana.es\/index.php\/wp-json\/wp\/v2\/pages\/53\/revisions"}],"predecessor-version":[{"id":1052,"href":"https:\/\/qjarana.es\/index.php\/wp-json\/wp\/v2\/pages\/53\/revisions\/1052"}],"wp:attachment":[{"href":"https:\/\/qjarana.es\/index.php\/wp-json\/wp\/v2\/media?parent=53"}],"curies":[{"name":"wp","href":"https:\/\/api.w.org\/{rel}","templated":true}]}}