{"id":54,"date":"2020-02-17T22:49:46","date_gmt":"2020-02-17T22:49:46","guid":{"rendered":"http:\/\/qjarana.es\/?page_id=54"},"modified":"2025-12-01T21:14:12","modified_gmt":"2025-12-01T21:14:12","slug":"tarifas","status":"publish","type":"page","link":"https:\/\/qjarana.es\/index.php\/tarifas\/","title":{"rendered":""},"content":{"rendered":"\n\n\t<h3><strong>Nuestro horario y precios<\/strong><\/h3>\n<div id=\"footable_parent_250\"\n         class=\" footable_parent ninja_table_wrapper loading_ninja_table wp_table_data_press_parent bootstrap3 \">\n                <table data-ninja_table_instance=\"ninja_table_instance_0\" data-footable_id=\"250\" data-filter-delay=\"1000\" aria-label=\"Horarios y precios\"            id=\"footable_250\"\n           data-unique_identifier=\"ninja_table_unique_id_414619788_250\"\n           class=\" foo-table ninja_footable foo_table_250 ninja_table_unique_id_414619788_250 table  nt_type_ajax_table table-striped hide_horizonal_borders table-condensed vertical_centered  footable-paging-left ninja_table_search_disabled\">\n                <colgroup>\n                            <col class=\"ninja_column_0 \">\n                            <col class=\"ninja_column_1 \">\n                            <col class=\"ninja_column_2 \">\n                    <\/colgroup>\n            <\/table>\n    \n    \n    \n<\/div>\n\n<p>Tarifas con limpieza y desinfecci\u00f3n incluida.<\/p>\n<p>Los horarios y tarifas pueden ser diferentes en verano y en periodos no lectivos, y ser\u00e1n comunicados al cliente en el momento de formalizar reserva.<\/p>\n<p>* Turno especial de s\u00e1bado que puede afectar al horario del turno posterior o verse afectado por \u00e9l. Consultar.<\/p>\n<p>** Existe la posibilidad de ampliar las horas de reserva de la sala siempre y cuando haya disponibilidad y <u>previa consulta<\/u>. Siempre tendr\u00e1n prioridad los turnos establecidos a la hora de reservar.<\/p>\n<p>Existen descuentos por familia numerosa y discapacidad. Preguntar antes de formalizar la reserva.<\/p>\n<p>Para formalizar la reserva es necesario el dep\u00f3sito de una fianza de 80 euros, que ser\u00e1 devuelta a la finalizaci\u00f3n de la reserva, y es independiente al pago de la tarifa del alquiler de la sala. Si junto con la reserva de la sala se quiere disfrutar de los mandos y accesorios de la Wii o de los micr\u00f3fonos del karaoke, se a\u00f1adir\u00e1n 20 euros a la fianza que har\u00e1 un total de 100 euros, independientes al pago de la tarifa del alquiler de sala, que ser\u00e1n devueltos al finalizar la reserva tras verificar que est\u00e1n todos los mandos y accesorios.<\/p>\n<p>Los pagos de las fianzas pueden hacerse en efectivo o por transferencia. Para garantizar la reserva de la fecha y turno elegidos, el pago de la fianza deber\u00e1 hacerse en un plazo m\u00e1ximo de 72 horas laborables. En caso de no llevarse a cabo en el periodo citado, el turno quedar\u00e1 disponible para nuevas reservas.<\/p>\n<p>Una vez confirmada la reserva, NO SE ADMITEN CANCELACIONES. Ver condiciones generales.<\/p>\n<p>El abono del alquiler de la sala se podr\u00e1 hacer en cualquier momento siempre ANTES de la entrada en la misma y como plazo l\u00edmite, a la hora de entrar.<\/p>\n<p>Con el fin de garantizar el correcto funcionamiento de la sala, <strong>la fianza depositada, que es independiente de la cantidad pagada por el alquiler<\/strong> del local, ser\u00e1 devuelta \u00edntegramente al finalizar el contrato si no se hubiese incumplido NINGUNO de los apartados del contrato que se firmar\u00e1 a la entrada del alquiler. El incumplimiento de alg\u00fan punto conllevar\u00e1 la P\u00c9RDIDA TOTAL de la fianza salvo en los apartados especificados en el citado contrato.<\/p>\n\n","protected":false},"excerpt":{"rendered":"<div class=\"entry-summary\">\n<div class=\"entry-summary\">\nNuestro horario y precios Tarifas con limpieza y desinfecci\u00f3n incluida. Los horarios&hellip;\n<\/div>\n<div class=\"link-more\"><a href=\"https:\/\/qjarana.es\/index.php\/tarifas\/\" class=\"more-link\">Seguir leyendo&hellip;<\/a><\/div>\n<\/div>\n<div class=\"link-more\"><a href=\"https:\/\/qjarana.es\/index.php\/tarifas\/\" class=\"more-link\">Seguir leyendo&hellip;<\/a><\/div>\n","protected":false},"author":1,"featured_media":0,"parent":0,"menu_order":0,"comment_status":"closed","ping_status":"closed","template":"page-template\/_fullwidth.php","meta":{"_uag_custom_page_level_css":"","jetpack_post_was_ever_published":false},"acf":[],"uagb_featured_image_src":{"full":false,"thumbnail":false,"medium":false,"medium_large":false,"large":false,"1536x1536":false,"2048x2048":false,"auberge_banner":false,"auberge_banner_small":false},"uagb_author_info":{"display_name":"admin","author_link":"https:\/\/qjarana.es\/index.php\/author\/admin\/"},"uagb_comment_info":0,"uagb_excerpt":"Nuestro horario y precios Tarifas con limpieza y desinfecci\u00f3n incluida. Los horarios&hellip; Seguir leyendo&hellip;","jetpack_likes_enabled":false,"amp_enabled":false,"_links":{"self":[{"href":"https:\/\/qjarana.es\/index.php\/wp-json\/wp\/v2\/pages\/54"}],"collection":[{"href":"https:\/\/qjarana.es\/index.php\/wp-json\/wp\/v2\/pages"}],"about":[{"href":"https:\/\/qjarana.es\/index.php\/wp-json\/wp\/v2\/types\/page"}],"author":[{"embeddable":true,"href":"https:\/\/qjarana.es\/index.php\/wp-json\/wp\/v2\/users\/1"}],"replies":[{"embeddable":true,"href":"https:\/\/qjarana.es\/index.php\/wp-json\/wp\/v2\/comments?post=54"}],"version-history":[{"count":51,"href":"https:\/\/qjarana.es\/index.php\/wp-json\/wp\/v2\/pages\/54\/revisions"}],"predecessor-version":[{"id":1055,"href":"https:\/\/qjarana.es\/index.php\/wp-json\/wp\/v2\/pages\/54\/revisions\/1055"}],"wp:attachment":[{"href":"https:\/\/qjarana.es\/index.php\/wp-json\/wp\/v2\/media?parent=54"}],"curies":[{"name":"wp","href":"https:\/\/api.w.org\/{rel}","templated":true}]}}